{"id":169,"date":"2018-07-23T17:56:22","date_gmt":"2018-07-23T17:56:22","guid":{"rendered":"https:\/\/instamaterial.com\/?page_id=169"},"modified":"2018-08-01T17:20:49","modified_gmt":"2018-08-01T15:20:49","slug":"contact","status":"publish","type":"page","link":"https:\/\/instalod.com\/de\/kontakt\/","title":{"rendered":"Kontakt"},"content":{"rendered":"<p>Wir freuen uns riesig \u00fcber Ihr Interesse an InstaLOD und beantworten gerne alle Ihre Fragen.<br \/>\nWenn Sie wollen <a href=\"https:\/\/instalod.com\/de\/lizenzierung\/\">Bewerten Sie InstaLOD f\u00fcr Ihr Projekt<\/a>, wir senden Ihnen gerne alles, was Sie brauchen, um sofort loslegen zu k\u00f6nnen.<\/p>","protected":false},"excerpt":{"rendered":"<p>Wir freuen uns sehr \u00fcber Ihr Interesse an InstaLOD und beantworten gerne Ihre Fragen. Wenn Sie InstaLOD f\u00fcr Ihr Projekt testen m\u00f6chten, senden wir Ihnen gerne alles, was Sie f\u00fcr den sofortigen Einstieg ben\u00f6tigen.<\/p>","protected":false},"author":1,"featured_media":0,"parent":0,"menu_order":0,"comment_status":"closed","ping_status":"closed","template":"","meta":{"advanced_seo_description":"","jetpack_seo_html_title":"","jetpack_seo_noindex":false,"footnotes":""},"class_list":["post-169","page","type-page","status-publish","hentry"],"_links":{"self":[{"href":"https:\/\/instalod.com\/de\/wp-json\/wp\/v2\/pages\/169","targetHints":{"allow":["GET"]}}],"collection":[{"href":"https:\/\/instalod.com\/de\/wp-json\/wp\/v2\/pages"}],"about":[{"href":"https:\/\/instalod.com\/de\/wp-json\/wp\/v2\/types\/page"}],"author":[{"embeddable":true,"href":"https:\/\/instalod.com\/de\/wp-json\/wp\/v2\/users\/1"}],"replies":[{"embeddable":true,"href":"https:\/\/instalod.com\/de\/wp-json\/wp\/v2\/comments?post=169"}],"version-history":[{"count":5,"href":"https:\/\/instalod.com\/de\/wp-json\/wp\/v2\/pages\/169\/revisions"}],"predecessor-version":[{"id":395,"href":"https:\/\/instalod.com\/de\/wp-json\/wp\/v2\/pages\/169\/revisions\/395"}],"wp:attachment":[{"href":"https:\/\/instalod.com\/de\/wp-json\/wp\/v2\/media?parent=169"}],"curies":[{"name":"wp","href":"https:\/\/api.w.org\/{rel}","templated":true}]}}